{"id":5421,"date":"2025-09-11T02:52:17","date_gmt":"2025-09-11T02:52:17","guid":{"rendered":"https:\/\/sicarbtech.com\/?page_id=5421"},"modified":"2025-09-11T02:52:19","modified_gmt":"2025-09-11T02:52:19","slug":"thanks-page","status":"publish","type":"page","link":"https:\/\/sicarbtech.com\/pl\/thanks-page\/","title":{"rendered":"Strona z podzi\u0119kowaniami"},"content":{"rendered":"<style>.kb-row-layout-id5421_6bce6b-22 > .kt-row-column-wrap{align-content:start;}:where(.kb-row-layout-id5421_6bce6b-22 > .kt-row-column-wrap) > .wp-block-kadence-column{justify-content:start;}.kb-row-layout-id5421_6bce6b-22 > .kt-row-column-wrap{column-gap:var(--global-kb-gap-md, 2rem);row-gap:var(--global-kb-gap-md, 2rem);padding-top:var(--global-kb-spacing-lg, 3rem);padding-bottom:var(--global-kb-spacing-xl, 4rem);grid-template-columns:minmax(0, 1fr);}.kb-row-layout-id5421_6bce6b-22 > .kt-row-layout-overlay{opacity:0.30;}@media all and (max-width: 1024px){.kb-row-layout-id5421_6bce6b-22 > .kt-row-column-wrap{grid-template-columns:minmax(0, 1fr);}}@media all and (max-width: 767px){.kb-row-layout-id5421_6bce6b-22 > .kt-row-column-wrap{grid-template-columns:minmax(0, 1fr);}}<\/style><div class=\"kb-row-layout-wrap kb-row-layout-id5421_6bce6b-22 alignfull has-theme-palette8-background-color kt-row-has-bg wp-block-kadence-rowlayout\"><div class=\"kt-row-column-wrap kt-has-1-columns kt-row-layout-equal kt-tab-layout-inherit kt-mobile-layout-row kt-row-valign-top\">\n<style>.kadence-column5421_f6567d-a7 > .kt-inside-inner-col,.kadence-column5421_f6567d-a7 > .kt-inside-inner-col:before{border-top-left-radius:0px;border-top-right-radius:0px;border-bottom-right-radius:0px;border-bottom-left-radius:0px;}.kadence-column5421_f6567d-a7 > .kt-inside-inner-col{column-gap:var(--global-kb-gap-sm, 1rem);}.kadence-column5421_f6567d-a7 > .kt-inside-inner-col{flex-direction:column;}.kadence-column5421_f6567d-a7 > .kt-inside-inner-col > .aligncenter{width:100%;}.kadence-column5421_f6567d-a7 > .kt-inside-inner-col:before{opacity:0.3;}.kadence-column5421_f6567d-a7{position:relative;}@media all and (max-width: 1024px){.kadence-column5421_f6567d-a7 > .kt-inside-inner-col{flex-direction:column;justify-content:center;}}@media all and (max-width: 767px){.kadence-column5421_f6567d-a7 > .kt-inside-inner-col{flex-direction:column;justify-content:center;}}<\/style>\n<div class=\"wp-block-kadence-column kadence-column5421_f6567d-a7\"><div class=\"kt-inside-inner-col\"><style>.kb-row-layout-id5421_0f1847-16 > .kt-row-column-wrap{align-content:start;}:where(.kb-row-layout-id5421_0f1847-16 > .kt-row-column-wrap) > .wp-block-kadence-column{justify-content:start;}.kb-row-layout-id5421_0f1847-16 > .kt-row-column-wrap{column-gap:var(--global-kb-gap-md, 2rem);row-gap:var(--global-kb-gap-md, 2rem);max-width:var( --global-content-width, 1450px );padding-left:var(--global-content-edge-padding);padding-right:var(--global-content-edge-padding);padding-top:var(--global-kb-spacing-xxl, 5rem);padding-bottom:var(--global-kb-spacing-xxl, 5rem);grid-template-columns:minmax(0, 1fr);}.kb-row-layout-id5421_0f1847-16{background-image:url('https:\/\/sicarbtech.com\/wp-content\/uploads\/2025\/05\/center.jpg');background-size:cover;background-position:center center;background-attachment:scroll;background-repeat:no-repeat;}.kb-row-layout-id5421_0f1847-16 > .kt-row-layout-overlay{opacity:0.60;background-color:var(--global-palette9, #ffffff);}@media all and (max-width: 1024px){.kb-row-layout-id5421_0f1847-16 > .kt-row-column-wrap{grid-template-columns:minmax(0, 1fr);}}@media all and (max-width: 767px){.kb-row-layout-id5421_0f1847-16 > .kt-row-column-wrap{grid-template-columns:minmax(0, 1fr);}}<\/style><div class=\"kb-row-layout-wrap kb-row-layout-id5421_0f1847-16 alignnone kt-row-has-bg wp-block-kadence-rowlayout\"><div class=\"kt-row-layout-overlay kt-row-overlay-normal\"><\/div><div class=\"kt-row-column-wrap kt-has-1-columns kt-row-layout-equal kt-tab-layout-inherit kt-mobile-layout-row kt-row-valign-top kb-theme-content-width\">\n<style>.kadence-column5421_d1d689-31 > .kt-inside-inner-col,.kadence-column5421_d1d689-31 > .kt-inside-inner-col:before{border-top-left-radius:0px;border-top-right-radius:0px;border-bottom-right-radius:0px;border-bottom-left-radius:0px;}.kadence-column5421_d1d689-31 > .kt-inside-inner-col{column-gap:var(--global-kb-gap-sm, 1rem);}.kadence-column5421_d1d689-31 > .kt-inside-inner-col{flex-direction:column;}.kadence-column5421_d1d689-31 > .kt-inside-inner-col > .aligncenter{width:100%;}.kadence-column5421_d1d689-31 > .kt-inside-inner-col:before{opacity:0.3;}.kadence-column5421_d1d689-31{position:relative;}@media all and (max-width: 1024px){.kadence-column5421_d1d689-31 > .kt-inside-inner-col{flex-direction:column;justify-content:center;}}@media all and (max-width: 767px){.kadence-column5421_d1d689-31 > .kt-inside-inner-col{flex-direction:column;justify-content:center;}}<\/style>\n<div class=\"wp-block-kadence-column kadence-column5421_d1d689-31\"><div class=\"kt-inside-inner-col\"><style>.wp-block-kadence-advancedheading.kt-adv-heading5421_c800d5-23, .wp-block-kadence-advancedheading.kt-adv-heading5421_c800d5-23[data-kb-block=\"kb-adv-heading5421_c800d5-23\"]{margin-bottom:var(--global-kb-spacing-xs, 1rem);text-align:center;font-size:80px;line-height:1.2em;font-style:normal;text-transform:uppercase;}.wp-block-kadence-advancedheading.kt-adv-heading5421_c800d5-23 mark.kt-highlight, .wp-block-kadence-advancedheading.kt-adv-heading5421_c800d5-23[data-kb-block=\"kb-adv-heading5421_c800d5-23\"] mark.kt-highlight{font-style:normal;color:#f76a0c;-webkit-box-decoration-break:clone;box-decoration-break:clone;padding-top:0px;padding-right:0px;padding-bottom:0px;padding-left:0px;}.wp-block-kadence-advancedheading.kt-adv-heading5421_c800d5-23 img.kb-inline-image, .wp-block-kadence-advancedheading.kt-adv-heading5421_c800d5-23[data-kb-block=\"kb-adv-heading5421_c800d5-23\"] img.kb-inline-image{width:150px;vertical-align:baseline;}<\/style>\n<h3 class=\"kt-adv-heading5421_c800d5-23 wp-block-kadence-advancedheading has-theme-palette-3-color has-text-color\" data-kb-block=\"kb-adv-heading5421_c800d5-23\">Thanks<\/h3>\n\n\n<style>.wp-block-kadence-advancedheading.kt-adv-heading5421_ecc097-8b, .wp-block-kadence-advancedheading.kt-adv-heading5421_ecc097-8b[data-kb-block=\"kb-adv-heading5421_ecc097-8b\"]{margin-bottom:var(--global-kb-spacing-lg, 3rem);text-align:center;font-size:var(--global-kb-font-size-xl, 3rem);line-height:1em;font-style:normal;text-transform:uppercase;}.wp-block-kadence-advancedheading.kt-adv-heading5421_ecc097-8b mark.kt-highlight, .wp-block-kadence-advancedheading.kt-adv-heading5421_ecc097-8b[data-kb-block=\"kb-adv-heading5421_ecc097-8b\"] mark.kt-highlight{font-style:normal;color:#f76a0c;-webkit-box-decoration-break:clone;box-decoration-break:clone;padding-top:0px;padding-right:0px;padding-bottom:0px;padding-left:0px;}.wp-block-kadence-advancedheading.kt-adv-heading5421_ecc097-8b img.kb-inline-image, .wp-block-kadence-advancedheading.kt-adv-heading5421_ecc097-8b[data-kb-block=\"kb-adv-heading5421_ecc097-8b\"] img.kb-inline-image{width:150px;vertical-align:baseline;}<\/style>\n<h4 class=\"kt-adv-heading5421_ecc097-8b wp-block-kadence-advancedheading has-theme-palette-3-color has-text-color\" data-kb-block=\"kb-adv-heading5421_ecc097-8b\">we will contact you asap<\/h4>\n\n\n<style>.wp-block-kadence-advancedbtn.kb-btns5421_91eb57-fc{gap:var(--global-kb-gap-xs, 0.5rem );justify-content:center;align-items:center;}.kt-btns5421_91eb57-fc .kt-button{font-weight:normal;font-style:normal;}.kt-btns5421_91eb57-fc .kt-btn-wrap-0{margin-right:5px;}.wp-block-kadence-advancedbtn.kt-btns5421_91eb57-fc .kt-btn-wrap-0 .kt-button{color:#555555;border-color:#555555;}.wp-block-kadence-advancedbtn.kt-btns5421_91eb57-fc .kt-btn-wrap-0 .kt-button:hover, .wp-block-kadence-advancedbtn.kt-btns5421_91eb57-fc .kt-btn-wrap-0 .kt-button:focus{color:#ffffff;border-color:#444444;}.wp-block-kadence-advancedbtn.kt-btns5421_91eb57-fc .kt-btn-wrap-0 .kt-button::before{display:none;}.wp-block-kadence-advancedbtn.kt-btns5421_91eb57-fc .kt-btn-wrap-0 .kt-button:hover, .wp-block-kadence-advancedbtn.kt-btns5421_91eb57-fc .kt-btn-wrap-0 .kt-button:focus{background:#444444;}<\/style>\n<div class=\"wp-block-kadence-advancedbtn kb-buttons-wrap kb-btns5421_91eb57-fc\"><style>.wp-block-kadence-advancedbtn .kb-btn5421_01b202-4e.kb-button, ul.menu .wp-block-kadence-advancedbtn .kb-btn5421_01b202-4e.kb-button{width:290px;}.wp-block-kadence-advancedbtn .kb-btn5421_01b202-4e.kb-button{text-transform:uppercase;margin-bottom:0px;}<\/style><a class=\"kb-button kt-button button kb-btn5421_01b202-4e kt-btn-size-standard kt-btn-width-type-fixed kb-btn-global-outline  kt-btn-has-text-true kt-btn-has-svg-false  wp-block-kadence-singlebtn\" href=\"https:\/\/sicarbtech.com\/\"><span class=\"kt-btn-inner-text\">return homepage<\/span><\/a><\/div>\n<\/div><\/div>\n\n<\/div><\/div><\/div><\/div>\n\n<\/div><\/div>","protected":false},"excerpt":{"rendered":"<p>Dzi\u0119kujemy, skontaktujemy si\u0119 z Pa\u0144stwem najszybciej jak to mo\u017cliwe<\/p>","protected":false},"author":1,"featured_media":0,"parent":0,"menu_order":0,"comment_status":"closed","ping_status":"closed","template":"","meta":{"_acf_changed":false,"_gspb_post_css":"","_kad_blocks_custom_css":"","_kad_blocks_head_custom_js":"","_kad_blocks_body_custom_js":"","_kad_blocks_footer_custom_js":"","_kad_post_transparent":"","_kad_post_title":"","_kad_post_layout":"","_kad_post_sidebar_id":"","_kad_post_content_style":"","_kad_post_vertical_padding":"","_kad_post_feature":"","_kad_post_feature_position":"","_kad_post_header":false,"_kad_post_footer":false,"_kad_post_classname":"","footnotes":""},"class_list":["post-5421","page","type-page","status-publish","hentry"],"acf":[],"taxonomy_info":[],"featured_image_src_large":false,"author_info":{"display_name":"yiyunyingalex","author_link":"https:\/\/sicarbtech.com\/pl\/author\/yiyunyingalex\/"},"comment_info":0,"_links":{"self":[{"href":"https:\/\/sicarbtech.com\/pl\/wp-json\/wp\/v2\/pages\/5421","targetHints":{"allow":["GET"]}}],"collection":[{"href":"https:\/\/sicarbtech.com\/pl\/wp-json\/wp\/v2\/pages"}],"about":[{"href":"https:\/\/sicarbtech.com\/pl\/wp-json\/wp\/v2\/types\/page"}],"author":[{"embeddable":true,"href":"https:\/\/sicarbtech.com\/pl\/wp-json\/wp\/v2\/users\/1"}],"replies":[{"embeddable":true,"href":"https:\/\/sicarbtech.com\/pl\/wp-json\/wp\/v2\/comments?post=5421"}],"version-history":[{"count":1,"href":"https:\/\/sicarbtech.com\/pl\/wp-json\/wp\/v2\/pages\/5421\/revisions"}],"predecessor-version":[{"id":5422,"href":"https:\/\/sicarbtech.com\/pl\/wp-json\/wp\/v2\/pages\/5421\/revisions\/5422"}],"wp:attachment":[{"href":"https:\/\/sicarbtech.com\/pl\/wp-json\/wp\/v2\/media?parent=5421"}],"curies":[{"name":"wp","href":"https:\/\/api.w.org\/{rel}","templated":true}]}}